{"id":817,"date":"2019-11-16T07:04:58","date_gmt":"2019-11-16T07:04:58","guid":{"rendered":"https:\/\/laboratorio-lga.com\/legal-notice\/"},"modified":"2019-11-25T15:33:59","modified_gmt":"2019-11-25T15:33:59","slug":"legal-notice","status":"publish","type":"page","link":"https:\/\/laboratorio-lga.com\/en\/legal-notice\/","title":{"rendered":"Legal Notice"},"content":{"rendered":"<div class=\"fusion-fullwidth fullwidth-box nonhundred-percent-fullwidth non-hundred-percent-height-scrolling\"  style='background-color: rgba(255,255,255,0);background-position: center center;background-repeat: no-repeat;padding-top:0px;padding-right:0px;padding-bottom:0px;padding-left:0px;'><div class=\"fusion-builder-row fusion-row \"><div  class=\"fusion-layout-column fusion_builder_column fusion_builder_column_1_1  fusion-one-full fusion-column-first fusion-column-last 1_1\"  style='margin-top:0px;margin-bottom:20px;'>\n\t\t\t\t\t<div class=\"fusion-column-wrapper\" style=\"padding: 0px 0px 0px 0px;background-position:left top;background-repeat:no-repeat;-webkit-background-size:cover;-moz-background-size:cover;-o-background-size:cover;background-size:cover;\"  data-bg-url=\"\">\n\t\t\t\t\t\t<div class=\"fusion-text\"><p><strong>LEGAL NOTICE<\/strong><\/p>\n<p>This Legal Notice governs the use of the www.lga.com website (hereinafter, the Website) owned by LABORATORIO DE GESTI\u00d3N AMBIENTAL, S.L. (hereinafter, LGA or the Company), with registered address at Calle Cobalto 12, Nave C, Pol\u00edgono San Crist\u00f3bal; Postal code: 47012, Valladolid; Tax ID (CIF): B-84700582; Telephone: +98 320 87 16; and email: protecciondedatos@laboratorio-lga.com. Registered in the Mercantile Registry of Valladolid, Volume 1361, Folio 63, Sheet VA-22428, First Inscription.<br \/>\nIn order to use the Website, Users must expressly accept each and every one of the clauses indicated in this Legal Notice, as well as each of the warnings or specific clauses established for contracting specific services, products, or use of areas of the Website.<br \/>\nIf Users do not accept the clauses established in this Legal Notice, they must refrain from accessing and\/or using the services and\/or content made available to them through the Website, and proceed to leave the Website.<\/p>\n<p><strong>WEBSITE USAGE<\/strong><\/p>\n<p>Users are prohibited from using the Website to carry out activities that are contrary to the law, morals, or public order. In general, users are required to use the Website according to the conditions established in this Legal Notice. Furthermore, they are prohibited from sales or advertising activities by sending messages using a false identity.<br \/>\nLGA acts exclusively as the Website&#8217;s controlling party in its condition as a service provider of information on its own services, and is not responsible for content that users may send or publish in violation of these general conditions. Users are the sole party responsible for the veracity and lawfulness thereof.<br \/>\nLGA may interrupt the Website service being users and immediately terminate their relationship therewith if it is detected that the Website or any other services offered therein may be considered to be in contrary to that expressed in this Legal Notice.<\/p>\n<p><strong>INDUSTRIAL AND INTELLECTUAL PROPERTY<\/strong><\/p>\n<p>This entire Website: text, images, brands, graphics, logos, buttons, software files, colour combinations, as well as the structure, selection, ordering, and presentation of its content, are protected by Industrial and Intellectual Property laws, with their reproduction, distribution, public communication, and alteration being prohibited except for personal and private use<br \/>\nLGA does not guarantee that content is precise or free from errors, or that users free use thereof does not infringe on rights of third parties. Proper or improper use of this website and its content are the responsibility of the users.<br \/>\nFurthermore, total or partial reproduction, retransmission, copying, transferring, or redistributing of the information contained on the Website is prohibited, regardless of its purpose or means of doing so, without prior authorisation from LGA.<\/p>\n<p><strong>LINKS<\/strong><\/p>\n<p>The Website may include links to third-party websites. Websites belonging to third parties have not been reviewed by LGA, nor are they subject to LGA controls. In any case, LGA will not be held responsible for the content of these websites, nor the measures adopted in terms of their privacy or personal data processing.<br \/>\nLGA recommends that users carefully read the conditions of use and privacy policies of these sites.<br \/>\nIf users are interested in linking to any of LGA&#8217;s pages, they must communicate this and obtain express consent to create the link. LGA reserves the right to oppose links to its website.<\/p>\n<p><strong>MINORS<\/strong><\/p>\n<p>LGA reminds users of legal age that are responsible for minors that it is their exclusive responsibility to determine what services and\/or content are inappropriate for underage users.<br \/>\nLGA informs these users that there are computer programmes that can filter and block access to certain content and services, so parents and guardians, for example, can decide wh Internet content and services minors can and cannot access.<\/p>\n<p><strong>RESPONSIBILITY<\/strong><\/p>\n<p>LGA will not be held directly or indirectly responsible for:<br \/>\nService quality, access speed, proper functionality, availability, or continued operations of the Website.<br \/>\nDamage that may be caused to users&#8217; computers or devices by using the Website.<br \/>\nCases in which a third party overcomes established security measures and accesses messages or uses them to spread computer viruses.<br \/>\nFaults or defects of any kind in terms of the content transmitted, spread, stored, or made available.<br \/>\nThe lawfulness, reliability, and utility of the content that users transmit when using the website or the services offered therein, including their veracity or exactness. LGA does not control users&#8217; use of the Website, nor does it guarantee that they do so according to that established in this Legal Notice.<br \/>\nAs a non-exhaustive example, users will be responsible for:<br \/>\nThe content they introduce, especially the data and information introduced and sent to LGA through the Website or on the Website.<br \/>\nCarrying out any type of action that is illicit, damaging to rights, harmful, and\/or detrimental.<br \/>\nProviding data that is untrue or incorrect.<\/p>\n<p><strong>JURISDICTION<\/strong><\/p>\n<p>This Legal Notice was written in Spanish, and is subject to Spanish laws in effect. By accepting the clauses established in this Legal Notice, the parties agree to be subject to the Courts and Tribunals of Valladolid for any controversy derived from the use of the services offered on, or the content of the Website.<\/p>\n<p>Last update: 18 December 2018<\/p>\n<\/div><div class=\"fusion-clearfix\"><\/div>\n\n\t\t\t\t\t<\/div>\n\t\t\t\t<\/div><\/div><\/div>\n","protected":false},"excerpt":{"rendered":"","protected":false},"author":1,"featured_media":0,"parent":0,"menu_order":0,"comment_status":"closed","ping_status":"closed","template":"","meta":{"footnotes":""},"class_list":["post-817","page","type-page","status-publish","hentry"],"yoast_head":"<!-- This site is optimized with the Yoast SEO plugin v24.9 - https:\/\/yoast.com\/wordpress\/plugins\/seo\/ -->\n<title>Legal Notice - LGA<\/title>\n<meta name=\"robots\" content=\"index, follow, max-snippet:-1, max-image-preview:large, max-video-preview:-1\" \/>\n<link rel=\"canonical\" href=\"https:\/\/laboratorio-lga.com\/en\/legal-notice\/\" \/>\n<meta property=\"og:locale\" content=\"en_US\" \/>\n<meta property=\"og:type\" content=\"article\" \/>\n<meta property=\"og:title\" content=\"Legal Notice - LGA\" \/>\n<meta property=\"og:url\" content=\"https:\/\/laboratorio-lga.com\/en\/legal-notice\/\" \/>\n<meta property=\"og:site_name\" content=\"LGA\" \/>\n<meta property=\"article:modified_time\" content=\"2019-11-25T15:33:59+00:00\" \/>\n<meta name=\"twitter:card\" content=\"summary_large_image\" \/>\n<meta name=\"twitter:label1\" content=\"Est. reading time\" \/>\n\t<meta name=\"twitter:data1\" content=\"5 minutes\" \/>\n<script type=\"application\/ld+json\" class=\"yoast-schema-graph\">{\"@context\":\"https:\/\/schema.org\",\"@graph\":[{\"@type\":\"WebPage\",\"@id\":\"https:\/\/laboratorio-lga.com\/en\/legal-notice\/\",\"url\":\"https:\/\/laboratorio-lga.com\/en\/legal-notice\/\",\"name\":\"Legal Notice - LGA\",\"isPartOf\":{\"@id\":\"https:\/\/laboratorio-lga.com\/#website\"},\"datePublished\":\"2019-11-16T07:04:58+00:00\",\"dateModified\":\"2019-11-25T15:33:59+00:00\",\"breadcrumb\":{\"@id\":\"https:\/\/laboratorio-lga.com\/en\/legal-notice\/#breadcrumb\"},\"inLanguage\":\"en-US\",\"potentialAction\":[{\"@type\":\"ReadAction\",\"target\":[\"https:\/\/laboratorio-lga.com\/en\/legal-notice\/\"]}]},{\"@type\":\"BreadcrumbList\",\"@id\":\"https:\/\/laboratorio-lga.com\/en\/legal-notice\/#breadcrumb\",\"itemListElement\":[{\"@type\":\"ListItem\",\"position\":1,\"name\":\"Portada\",\"item\":\"https:\/\/laboratorio-lga.com\/en\/\"},{\"@type\":\"ListItem\",\"position\":2,\"name\":\"Legal Notice\"}]},{\"@type\":\"WebSite\",\"@id\":\"https:\/\/laboratorio-lga.com\/#website\",\"url\":\"https:\/\/laboratorio-lga.com\/\",\"name\":\"LGA\",\"description\":\"Laboratorio LGA Valladolid\",\"potentialAction\":[{\"@type\":\"SearchAction\",\"target\":{\"@type\":\"EntryPoint\",\"urlTemplate\":\"https:\/\/laboratorio-lga.com\/?s={search_term_string}\"},\"query-input\":{\"@type\":\"PropertyValueSpecification\",\"valueRequired\":true,\"valueName\":\"search_term_string\"}}],\"inLanguage\":\"en-US\"}]}<\/script>\n<!-- \/ Yoast SEO plugin. -->","yoast_head_json":{"title":"Legal Notice - LGA","robots":{"index":"index","follow":"follow","max-snippet":"max-snippet:-1","max-image-preview":"max-image-preview:large","max-video-preview":"max-video-preview:-1"},"canonical":"https:\/\/laboratorio-lga.com\/en\/legal-notice\/","og_locale":"en_US","og_type":"article","og_title":"Legal Notice - LGA","og_url":"https:\/\/laboratorio-lga.com\/en\/legal-notice\/","og_site_name":"LGA","article_modified_time":"2019-11-25T15:33:59+00:00","twitter_card":"summary_large_image","twitter_misc":{"Est. reading time":"5 minutes"},"schema":{"@context":"https:\/\/schema.org","@graph":[{"@type":"WebPage","@id":"https:\/\/laboratorio-lga.com\/en\/legal-notice\/","url":"https:\/\/laboratorio-lga.com\/en\/legal-notice\/","name":"Legal Notice - LGA","isPartOf":{"@id":"https:\/\/laboratorio-lga.com\/#website"},"datePublished":"2019-11-16T07:04:58+00:00","dateModified":"2019-11-25T15:33:59+00:00","breadcrumb":{"@id":"https:\/\/laboratorio-lga.com\/en\/legal-notice\/#breadcrumb"},"inLanguage":"en-US","potentialAction":[{"@type":"ReadAction","target":["https:\/\/laboratorio-lga.com\/en\/legal-notice\/"]}]},{"@type":"BreadcrumbList","@id":"https:\/\/laboratorio-lga.com\/en\/legal-notice\/#breadcrumb","itemListElement":[{"@type":"ListItem","position":1,"name":"Portada","item":"https:\/\/laboratorio-lga.com\/en\/"},{"@type":"ListItem","position":2,"name":"Legal Notice"}]},{"@type":"WebSite","@id":"https:\/\/laboratorio-lga.com\/#website","url":"https:\/\/laboratorio-lga.com\/","name":"LGA","description":"Laboratorio LGA Valladolid","potentialAction":[{"@type":"SearchAction","target":{"@type":"EntryPoint","urlTemplate":"https:\/\/laboratorio-lga.com\/?s={search_term_string}"},"query-input":{"@type":"PropertyValueSpecification","valueRequired":true,"valueName":"search_term_string"}}],"inLanguage":"en-US"}]}},"_links":{"self":[{"href":"https:\/\/laboratorio-lga.com\/en\/wp-json\/wp\/v2\/pages\/817","targetHints":{"allow":["GET"]}}],"collection":[{"href":"https:\/\/laboratorio-lga.com\/en\/wp-json\/wp\/v2\/pages"}],"about":[{"href":"https:\/\/laboratorio-lga.com\/en\/wp-json\/wp\/v2\/types\/page"}],"author":[{"embeddable":true,"href":"https:\/\/laboratorio-lga.com\/en\/wp-json\/wp\/v2\/users\/1"}],"replies":[{"embeddable":true,"href":"https:\/\/laboratorio-lga.com\/en\/wp-json\/wp\/v2\/comments?post=817"}],"version-history":[{"count":2,"href":"https:\/\/laboratorio-lga.com\/en\/wp-json\/wp\/v2\/pages\/817\/revisions"}],"predecessor-version":[{"id":867,"href":"https:\/\/laboratorio-lga.com\/en\/wp-json\/wp\/v2\/pages\/817\/revisions\/867"}],"wp:attachment":[{"href":"https:\/\/laboratorio-lga.com\/en\/wp-json\/wp\/v2\/media?parent=817"}],"curies":[{"name":"wp","href":"https:\/\/api.w.org\/{rel}","templated":true}]}}