{"id":819,"date":"2019-11-16T07:05:01","date_gmt":"2019-11-16T07:05:01","guid":{"rendered":"https:\/\/laboratorio-lga.com\/data-protection-and-privacy-policy\/"},"modified":"2019-11-16T07:05:08","modified_gmt":"2019-11-16T07:05:08","slug":"data-protection-and-privacy-policy","status":"publish","type":"page","link":"https:\/\/laboratorio-lga.com\/en\/data-protection-and-privacy-policy\/","title":{"rendered":"DATA PROTECTION AND PRIVACY POLICY"},"content":{"rendered":"<div class=\"fusion-fullwidth fullwidth-box nonhundred-percent-fullwidth non-hundred-percent-height-scrolling\"  style='background-color: rgba(255,255,255,0);background-position: center center;background-repeat: no-repeat;padding-top:0px;padding-right:0px;padding-bottom:0px;padding-left:0px;'><div class=\"fusion-builder-row fusion-row \"><div  class=\"fusion-layout-column fusion_builder_column fusion_builder_column_1_1  fusion-one-full fusion-column-first fusion-column-last 1_1\"  style='margin-top:0px;margin-bottom:20px;'>\n\t\t\t\t\t<div class=\"fusion-column-wrapper\" style=\"padding: 0px 0px 0px 0px;background-position:left top;background-repeat:no-repeat;-webkit-background-size:cover;-moz-background-size:cover;-o-background-size:cover;background-size:cover;\"  data-bg-url=\"\">\n\t\t\t\t\t\t<div class=\"fusion-text\"><p>In compliance with Personal Data Protection laws in effect, LABORATORIO DE GESTI\u00d3N AMBIENTAL (hereinafter, LGA or the Company) informs users of the website www.lga.com (hereinafter, the Website) as to the existence of the Data Protection and Privacy Policy that will apply to the processing of personal data that the User voluntarily provides when accessing the Website or the corresponding mobile application.<\/p>\n<p>Upon providing LGA with their personal data through the Website&#8217;s electronic forms, contact section, employment form&#8230; and, where applicable, by ticking the corresponding acceptance box, the User expressly consents to LGA processing said data according to the terms of this clause of the Data Protection and Privacy Policy, and for the purposes expressed herein.<\/p>\n<p>LGA informs Website users that their personal data may only be obtained with their consent when it is appropriate, pertinent, and not excessive in terms of the area and specific, explicit, and legitimate purposes for which it is obtained. Said data will be cancelled when it is no longer necessary or pertinent to said purpose, or when the data owner makes a request to do so by exercising their right of cancelation.<\/p>\n<p>LGA states its commitment to complying with data protection laws in effect at all times.<br \/>\nPersonal data provided will be processed by the Company, and will be used according to the following:<\/p>\n<table border=\"1\" width=\"95%\" cellspacing=\"0\" cellpadding=\"10\" align=\"center\">\n<tbody>\n<tr>\n<td style=\"text-align: center; font-size: 1.3em;\" colspan=\"2\">INFORMATION ON PERSONAL DATA PROTECTION<br \/>\n(In compliance with EU Regulation 2016\/679 on Data Protection)<\/td>\n<\/tr>\n<tr>\n<td width=\"20%\">Data controller<\/td>\n<td>LABORATORIO DE GESTI\u00d3N AMBIENTAL, S.L (LGA)<br \/>\nTax ID number (CIF): B-84700582<br \/>\nCalle Cobalto 12, Nave C, Pol\u00edgono San Crist\u00f3bal; Postal code: 47012, Valladolid.<br \/>\nTelephone: 983208716, email: protecciondedatos@laboratorio-lga.com<\/td>\n<\/tr>\n<tr>\n<td>Purposes<\/td>\n<td>\n<ul>\n<li>Making results obtained from contracted LGA analysis available through the Client&#8217;s user account.<\/li>\n<li>Managing requests for information and\/or inquiries received through the provided Contact section.<\/li>\n<li>Managing requests received through the Quote section.<\/li>\n<li>Evaluating CVs for selection processes that may take place at LGA.<\/li>\n<\/ul>\n<\/td>\n<\/tr>\n<tr>\n<td>Legitimacy and storage<\/td>\n<td>The basis for processing data is the consent given by the User upon ticking the corresponding acceptance box, where applicable.<\/p>\n<p>Contact data will be stored for as long the relationship is maintained, and as long as its deletion is not requested. Data relating to CV information will be stored for a maximum period of one year.<\/td>\n<\/tr>\n<tr>\n<td>Transfer recipients<\/td>\n<td>Companies that make up the environmental area of the URBASER Group at any time, including, among other activities, roadway cleaning, S.U.W. collection, treatment, recycling, and energy valuation, integral energy management, green zone management, and integral water cycle management.<\/p>\n<p>This communication will be for the sole purpose of employment.<br \/>\nNo international transfer of data will be carried out.<\/td>\n<p>.<br \/>\n<\/tr>\n<tr>\n<td>Data subject rights<\/td>\n<td>Data subjects may exercise their rights of access, rectification, deletion, migration, and limitation or opposition by written request addressed to LABORATORIO DE GESTI\u00d3N AMBIENTAL, S.L., Calle Cobalto 12, Nave C, Pol\u00edgono San Crist\u00f3bal; Postal code: 47012, Valladolid, indicating &#8220;Exercising data protection rights&#8221;, and including a copy of their national ID document.<\/p>\n<hr \/>\n<p>Data subjects have the right to withdrawal consent given.<\/p>\n<hr \/>\n<p>Data subjects have the right to lodge a complaint with the Supervisory Authority (Spanish Data Protection Agency www.aepd.es).<\/td>\n<\/tr>\n<\/tbody>\n<\/table>\n<p>The user will be the sole party responsible for the accuracy of the data provided to the Company.<\/p>\n<p>Fields in the forms provided on the Website that are marked with an asterisk (*) are required, meaning that if any are not completed, the form will not be sent.<\/p>\n<p>LGA properly administers its server environment with a strictly compliant firewall infrastructure. It continuously uses current technologies to ensure that information confidentiality and privacy are not compromised. The Website uses the SSL (Secure Socket Layer) protocol to improve security. SSL is the sector&#8217;s standard technology, which is used to protect and maintain security of messages transmitted over the Internet. Upon accessing your accounts or sending information through secure Internet websites, the encryption will encode your data in an illegible format in order to impede unauthorised users from accessing this type of data.<\/p>\n<p>For this reason, the necessary technical and organisational measures are adopted in order to guarantee the security of the personal data contained herein, and to avoid its unauthorised access, processing, loss, or alteration, taking into account the state of technology, the nature of the data, and the risks to which it is exposed.<\/p>\n<p>Any change made to the Privacy Policy and information administration practices will be reflected as necessary, with the Company being able to add, modify, or eliminate said privacy policy when it sees fit.<\/p>\n<p>In any case, the Company will in no way modify policies or practices in order to make them less efficient in the protection of our clients&#8217; previously stored personal data without prior consent from the clients affected.<\/p>\n<\/div><div class=\"fusion-clearfix\"><\/div>\n\n\t\t\t\t\t<\/div>\n\t\t\t\t<\/div><\/div><\/div>\n","protected":false},"excerpt":{"rendered":"","protected":false},"author":1,"featured_media":0,"parent":0,"menu_order":0,"comment_status":"closed","ping_status":"closed","template":"","meta":{"footnotes":""},"class_list":["post-819","page","type-page","status-publish","hentry"],"yoast_head":"<!-- This site is optimized with the Yoast SEO plugin v24.9 - https:\/\/yoast.com\/wordpress\/plugins\/seo\/ -->\n<title>DATA PROTECTION AND PRIVACY POLICY - LGA<\/title>\n<meta name=\"robots\" content=\"index, follow, max-snippet:-1, max-image-preview:large, max-video-preview:-1\" \/>\n<link rel=\"canonical\" href=\"https:\/\/laboratorio-lga.com\/en\/data-protection-and-privacy-policy\/\" \/>\n<meta property=\"og:locale\" content=\"en_US\" \/>\n<meta property=\"og:type\" content=\"article\" \/>\n<meta property=\"og:title\" content=\"DATA PROTECTION AND PRIVACY POLICY - LGA\" \/>\n<meta property=\"og:url\" content=\"https:\/\/laboratorio-lga.com\/en\/data-protection-and-privacy-policy\/\" \/>\n<meta property=\"og:site_name\" content=\"LGA\" \/>\n<meta property=\"article:modified_time\" content=\"2019-11-16T07:05:08+00:00\" \/>\n<meta name=\"twitter:card\" content=\"summary_large_image\" \/>\n<meta name=\"twitter:label1\" content=\"Est. reading time\" \/>\n\t<meta name=\"twitter:data1\" content=\"5 minutes\" \/>\n<script type=\"application\/ld+json\" class=\"yoast-schema-graph\">{\"@context\":\"https:\/\/schema.org\",\"@graph\":[{\"@type\":\"WebPage\",\"@id\":\"https:\/\/laboratorio-lga.com\/en\/data-protection-and-privacy-policy\/\",\"url\":\"https:\/\/laboratorio-lga.com\/en\/data-protection-and-privacy-policy\/\",\"name\":\"DATA PROTECTION AND PRIVACY POLICY - LGA\",\"isPartOf\":{\"@id\":\"https:\/\/laboratorio-lga.com\/#website\"},\"datePublished\":\"2019-11-16T07:05:01+00:00\",\"dateModified\":\"2019-11-16T07:05:08+00:00\",\"breadcrumb\":{\"@id\":\"https:\/\/laboratorio-lga.com\/en\/data-protection-and-privacy-policy\/#breadcrumb\"},\"inLanguage\":\"en-US\",\"potentialAction\":[{\"@type\":\"ReadAction\",\"target\":[\"https:\/\/laboratorio-lga.com\/en\/data-protection-and-privacy-policy\/\"]}]},{\"@type\":\"BreadcrumbList\",\"@id\":\"https:\/\/laboratorio-lga.com\/en\/data-protection-and-privacy-policy\/#breadcrumb\",\"itemListElement\":[{\"@type\":\"ListItem\",\"position\":1,\"name\":\"Portada\",\"item\":\"https:\/\/laboratorio-lga.com\/en\/\"},{\"@type\":\"ListItem\",\"position\":2,\"name\":\"DATA PROTECTION AND PRIVACY POLICY\"}]},{\"@type\":\"WebSite\",\"@id\":\"https:\/\/laboratorio-lga.com\/#website\",\"url\":\"https:\/\/laboratorio-lga.com\/\",\"name\":\"LGA\",\"description\":\"Laboratorio LGA Valladolid\",\"potentialAction\":[{\"@type\":\"SearchAction\",\"target\":{\"@type\":\"EntryPoint\",\"urlTemplate\":\"https:\/\/laboratorio-lga.com\/?s={search_term_string}\"},\"query-input\":{\"@type\":\"PropertyValueSpecification\",\"valueRequired\":true,\"valueName\":\"search_term_string\"}}],\"inLanguage\":\"en-US\"}]}<\/script>\n<!-- \/ Yoast SEO plugin. -->","yoast_head_json":{"title":"DATA PROTECTION AND PRIVACY POLICY - LGA","robots":{"index":"index","follow":"follow","max-snippet":"max-snippet:-1","max-image-preview":"max-image-preview:large","max-video-preview":"max-video-preview:-1"},"canonical":"https:\/\/laboratorio-lga.com\/en\/data-protection-and-privacy-policy\/","og_locale":"en_US","og_type":"article","og_title":"DATA PROTECTION AND PRIVACY POLICY - LGA","og_url":"https:\/\/laboratorio-lga.com\/en\/data-protection-and-privacy-policy\/","og_site_name":"LGA","article_modified_time":"2019-11-16T07:05:08+00:00","twitter_card":"summary_large_image","twitter_misc":{"Est. reading time":"5 minutes"},"schema":{"@context":"https:\/\/schema.org","@graph":[{"@type":"WebPage","@id":"https:\/\/laboratorio-lga.com\/en\/data-protection-and-privacy-policy\/","url":"https:\/\/laboratorio-lga.com\/en\/data-protection-and-privacy-policy\/","name":"DATA PROTECTION AND PRIVACY POLICY - LGA","isPartOf":{"@id":"https:\/\/laboratorio-lga.com\/#website"},"datePublished":"2019-11-16T07:05:01+00:00","dateModified":"2019-11-16T07:05:08+00:00","breadcrumb":{"@id":"https:\/\/laboratorio-lga.com\/en\/data-protection-and-privacy-policy\/#breadcrumb"},"inLanguage":"en-US","potentialAction":[{"@type":"ReadAction","target":["https:\/\/laboratorio-lga.com\/en\/data-protection-and-privacy-policy\/"]}]},{"@type":"BreadcrumbList","@id":"https:\/\/laboratorio-lga.com\/en\/data-protection-and-privacy-policy\/#breadcrumb","itemListElement":[{"@type":"ListItem","position":1,"name":"Portada","item":"https:\/\/laboratorio-lga.com\/en\/"},{"@type":"ListItem","position":2,"name":"DATA PROTECTION AND PRIVACY POLICY"}]},{"@type":"WebSite","@id":"https:\/\/laboratorio-lga.com\/#website","url":"https:\/\/laboratorio-lga.com\/","name":"LGA","description":"Laboratorio LGA Valladolid","potentialAction":[{"@type":"SearchAction","target":{"@type":"EntryPoint","urlTemplate":"https:\/\/laboratorio-lga.com\/?s={search_term_string}"},"query-input":{"@type":"PropertyValueSpecification","valueRequired":true,"valueName":"search_term_string"}}],"inLanguage":"en-US"}]}},"_links":{"self":[{"href":"https:\/\/laboratorio-lga.com\/en\/wp-json\/wp\/v2\/pages\/819","targetHints":{"allow":["GET"]}}],"collection":[{"href":"https:\/\/laboratorio-lga.com\/en\/wp-json\/wp\/v2\/pages"}],"about":[{"href":"https:\/\/laboratorio-lga.com\/en\/wp-json\/wp\/v2\/types\/page"}],"author":[{"embeddable":true,"href":"https:\/\/laboratorio-lga.com\/en\/wp-json\/wp\/v2\/users\/1"}],"replies":[{"embeddable":true,"href":"https:\/\/laboratorio-lga.com\/en\/wp-json\/wp\/v2\/comments?post=819"}],"version-history":[{"count":1,"href":"https:\/\/laboratorio-lga.com\/en\/wp-json\/wp\/v2\/pages\/819\/revisions"}],"predecessor-version":[{"id":820,"href":"https:\/\/laboratorio-lga.com\/en\/wp-json\/wp\/v2\/pages\/819\/revisions\/820"}],"wp:attachment":[{"href":"https:\/\/laboratorio-lga.com\/en\/wp-json\/wp\/v2\/media?parent=819"}],"curies":[{"name":"wp","href":"https:\/\/api.w.org\/{rel}","templated":true}]}}